{"id":164,"date":"2017-11-15T10:47:36","date_gmt":"2017-11-15T09:47:36","guid":{"rendered":"http:\/\/fnaem-assurance.com\/?page_id=164"},"modified":"2018-05-15T14:05:59","modified_gmt":"2018-05-15T12:05:59","slug":"mentions-legales","status":"publish","type":"page","link":"https:\/\/fnaem-assurance.com\/index.php\/mentions-legales\/","title":{"rendered":"Mentions l\u00e9gales"},"content":{"rendered":"<h4><strong>Responsable de la publication<\/strong><\/h4>\n<div>\n<p>Al\u00e9a Conseil<\/p>\n<p>Jean Philippe Hammes<\/p>\n<p>06 51 25 83 69<\/p>\n<p>48 Rue Baldung Grien\u00a0 67 720 Weyersheim<\/p>\n<p>&nbsp;<\/p>\n<h4>R\u00e9alisation du site<\/h4>\n<p>Michel Rietsch<\/p>\n<p>2, rue Jules Rathgeber 67100\u00a0Strasbourg<\/p>\n<p>T\u00e9l.\u00a003 88 61 57 18<\/p>\n<p>www.michelrietsch.com<\/p>\n<h4>H\u00e9bergement<\/h4>\n<p>OVH.com<\/p>\n<h4>Informatique et Libert\u00e9<\/h4>\n<p>Conform\u00e9ment \u00e0 la loi n\u00b0 78-17 du 6 janvier 1978, relative \u00e0 l\u2019informatique, aux fichiers et aux libert\u00e9s (dite loi \u201cInformatique et Libert\u00e9\u201d), Conform\u00e9ment \u00e0 l\u2019article 34 de la loi \u201cInformatique et Libert\u00e9s\u201d, vous disposez d\u2019un droit d\u2019acc\u00e8s, de modification, de rectification et de suppression des donn\u00e9es qui vous concernent. Pour exercer ce droit d\u2019acc\u00e8s, merci de nous contacter au 0820 205 207.<\/p>\n<h4>Copyright<\/h4>\n<p>La cr\u00e9ation de ce site est prot\u00e9g\u00e9e au titre du droit d\u2019auteur conform\u00e9ment au Code de la Propri\u00e9t\u00e9 Intellectuelle. A ce titre, toute reproduction, repr\u00e9sentation, traduction, adaptation ou commercialisation, partielles ou int\u00e9grales des \u00e9l\u00e9ments textuels ou visuels contenus dans ce site, sans l\u2019autorisation \u00e9crite pr\u00e9alable de Michel Rietsch, est interdite, sous peine de constituer un d\u00e9lit de contrefa\u00e7on de droit d\u2019auteur.<\/p>\n<\/div>\n","protected":false},"excerpt":{"rendered":"<p>Responsable de la publication Al\u00e9a Conseil Jean Philippe Hammes 06 51 25 83 69 48 Rue Baldung Grien\u00a0 67 720 Weyersheim &nbsp; R\u00e9alisation du site Michel Rietsch 2, rue Jules [&hellip;]<\/p>\n","protected":false},"author":1,"featured_media":0,"parent":0,"menu_order":0,"comment_status":"closed","ping_status":"closed","template":"page_fullwidth.php","meta":{"footnotes":""},"class_list":["post-164","page","type-page","status-publish","hentry"],"_links":{"self":[{"href":"https:\/\/fnaem-assurance.com\/index.php\/wp-json\/wp\/v2\/pages\/164","targetHints":{"allow":["GET"]}}],"collection":[{"href":"https:\/\/fnaem-assurance.com\/index.php\/wp-json\/wp\/v2\/pages"}],"about":[{"href":"https:\/\/fnaem-assurance.com\/index.php\/wp-json\/wp\/v2\/types\/page"}],"author":[{"embeddable":true,"href":"https:\/\/fnaem-assurance.com\/index.php\/wp-json\/wp\/v2\/users\/1"}],"replies":[{"embeddable":true,"href":"https:\/\/fnaem-assurance.com\/index.php\/wp-json\/wp\/v2\/comments?post=164"}],"version-history":[{"count":5,"href":"https:\/\/fnaem-assurance.com\/index.php\/wp-json\/wp\/v2\/pages\/164\/revisions"}],"predecessor-version":[{"id":172,"href":"https:\/\/fnaem-assurance.com\/index.php\/wp-json\/wp\/v2\/pages\/164\/revisions\/172"}],"wp:attachment":[{"href":"https:\/\/fnaem-assurance.com\/index.php\/wp-json\/wp\/v2\/media?parent=164"}],"curies":[{"name":"wp","href":"https:\/\/api.w.org\/{rel}","templated":true}]}}