{"id":16,"date":"2017-11-08T10:14:15","date_gmt":"2017-11-08T09:14:15","guid":{"rendered":"http:\/\/fnaem-assurance.com\/?page_id=16"},"modified":"2025-02-14T11:20:38","modified_gmt":"2025-02-14T10:20:38","slug":"mma-entreprise","status":"publish","type":"page","link":"https:\/\/fnaem-assurance.com\/index.php\/assurance-fnaem\/mma-entreprise\/","title":{"rendered":"Partenariat"},"content":{"rendered":"<p>\u00a0<\/p>\n<p><img loading=\"lazy\" decoding=\"async\" class=\"alignleft wp-image-142 size-medium\" src=\"http:\/\/fnaem-assurance.com\/wp-content\/uploads\/2017\/11\/poignee-MAINS-web-300x200.jpg\" alt=\"\" width=\"300\" height=\"200\" srcset=\"https:\/\/fnaem-assurance.com\/wp-content\/uploads\/2017\/11\/poignee-MAINS-web-300x200.jpg 300w, https:\/\/fnaem-assurance.com\/wp-content\/uploads\/2017\/11\/poignee-MAINS-web-768x512.jpg 768w, https:\/\/fnaem-assurance.com\/wp-content\/uploads\/2017\/11\/poignee-MAINS-web-1024x682.jpg 1024w, https:\/\/fnaem-assurance.com\/wp-content\/uploads\/2017\/11\/poignee-MAINS-web-750x500.jpg 750w, https:\/\/fnaem-assurance.com\/wp-content\/uploads\/2017\/11\/poignee-MAINS-web-400x267.jpg 400w, https:\/\/fnaem-assurance.com\/wp-content\/uploads\/2017\/11\/poignee-MAINS-web-430x287.jpg 430w, https:\/\/fnaem-assurance.com\/wp-content\/uploads\/2017\/11\/poignee-MAINS-web-150x100.jpg 150w, https:\/\/fnaem-assurance.com\/wp-content\/uploads\/2017\/11\/poignee-MAINS-web-100x67.jpg 100w, https:\/\/fnaem-assurance.com\/wp-content\/uploads\/2017\/11\/poignee-MAINS-web.jpg 1688w\" sizes=\"auto, (max-width: 300px) 100vw, 300px\" \/><\/p>\n<p>La CNEF (Conf\u00e9d\u00e9ration Nationale de l\u2019Equipement du Foyer) a confi\u00e9 au cabinet Inovence, la mission de concevoir un contrat groupe performant, adapt\u00e9 \u00e0 l\u2019univers du meuble.\u00a0<\/p>\n<p>Cet assureur sp\u00e9cialis\u00e9 dans les risques professionnels a d\u00e9velopp\u00e9 un contrat particuli\u00e8rement attractif en terme de prix et de niveau de garanties. Ce contrat exclusif est \u00e9tabli dans le cadre d\u2019un partenariat privil\u00e9gi\u00e9 avec l\u2019un des principaux assureurs fran\u00e7ais.<\/p>\n<p>\u00a0<\/p>\n<h4>Mieux et moins cher<\/h4>\n<p>Le b\u00e9n\u00e9fice d\u2019un contrat de groupe est \u00e0 la fois quantitatif et qualitatif. L\u2019effet d\u2019\u00e9chelle permet clairement de faire chuter le prix individuel de chaque adh\u00e9rent. Mais cet avantage tarifaire n\u2019est pas le seul. L\u2019analyse fine de votre m\u00e9tier, permet de vous proposer des extensions de garanties sp\u00e9cifiques particuli\u00e8rement utiles dans votre environnement.<\/p>\n<h4 style=\"text-align: left;\"><a href=\"http:\/\/fnaem-assurance.com\/index.php\/assurance-fnaem\/contact\/\">Contactez-nous pour b\u00e9n\u00e9ficier d\u2019un devis personnalis\u00e9 \u00e0 tarif n\u00e9goci\u00e9<\/a><\/h4>\n\n\n<p><\/p>\n","protected":false},"excerpt":{"rendered":"<p>\u00a0 La CNEF (Conf\u00e9d\u00e9ration Nationale de l\u2019Equipement du Foyer) a confi\u00e9 au cabinet Inovence, la mission de concevoir un contrat groupe performant, adapt\u00e9 \u00e0 l\u2019univers du meuble.\u00a0 Cet assureur sp\u00e9cialis\u00e9 [&hellip;]<\/p>\n","protected":false},"author":1,"featured_media":0,"parent":14,"menu_order":0,"comment_status":"closed","ping_status":"closed","template":"page_fullwidth.php","meta":{"footnotes":""},"class_list":["post-16","page","type-page","status-publish","hentry"],"_links":{"self":[{"href":"https:\/\/fnaem-assurance.com\/index.php\/wp-json\/wp\/v2\/pages\/16","targetHints":{"allow":["GET"]}}],"collection":[{"href":"https:\/\/fnaem-assurance.com\/index.php\/wp-json\/wp\/v2\/pages"}],"about":[{"href":"https:\/\/fnaem-assurance.com\/index.php\/wp-json\/wp\/v2\/types\/page"}],"author":[{"embeddable":true,"href":"https:\/\/fnaem-assurance.com\/index.php\/wp-json\/wp\/v2\/users\/1"}],"replies":[{"embeddable":true,"href":"https:\/\/fnaem-assurance.com\/index.php\/wp-json\/wp\/v2\/comments?post=16"}],"version-history":[{"count":18,"href":"https:\/\/fnaem-assurance.com\/index.php\/wp-json\/wp\/v2\/pages\/16\/revisions"}],"predecessor-version":[{"id":223,"href":"https:\/\/fnaem-assurance.com\/index.php\/wp-json\/wp\/v2\/pages\/16\/revisions\/223"}],"up":[{"embeddable":true,"href":"https:\/\/fnaem-assurance.com\/index.php\/wp-json\/wp\/v2\/pages\/14"}],"wp:attachment":[{"href":"https:\/\/fnaem-assurance.com\/index.php\/wp-json\/wp\/v2\/media?parent=16"}],"curies":[{"name":"wp","href":"https:\/\/api.w.org\/{rel}","templated":true}]}}