{"id":14,"date":"2017-11-08T10:12:30","date_gmt":"2017-11-08T09:12:30","guid":{"rendered":"http:\/\/fnaem-assurance.com\/?page_id=14"},"modified":"2025-02-14T11:18:35","modified_gmt":"2025-02-14T10:18:35","slug":"assurance-fnaem","status":"publish","type":"page","link":"https:\/\/fnaem-assurance.com\/index.php\/assurance-fnaem\/","title":{"rendered":"Assurance CNEF"},"content":{"rendered":"<p><img loading=\"lazy\" decoding=\"async\" class=\"wp-image-42 size-medium alignleft\" src=\"http:\/\/fnaem-assurance.com\/wp-content\/uploads\/2017\/11\/Fnaem-MMA-Web-300x200.jpg\" alt=\"\" width=\"300\" height=\"200\" srcset=\"https:\/\/fnaem-assurance.com\/wp-content\/uploads\/2017\/11\/Fnaem-MMA-Web-300x200.jpg 300w, https:\/\/fnaem-assurance.com\/wp-content\/uploads\/2017\/11\/Fnaem-MMA-Web-400x267.jpg 400w, https:\/\/fnaem-assurance.com\/wp-content\/uploads\/2017\/11\/Fnaem-MMA-Web-150x100.jpg 150w, https:\/\/fnaem-assurance.com\/wp-content\/uploads\/2017\/11\/Fnaem-MMA-Web-100x67.jpg 100w, https:\/\/fnaem-assurance.com\/wp-content\/uploads\/2017\/11\/Fnaem-MMA-Web.jpg 424w\" sizes=\"auto, (max-width: 300px) 100vw, 300px\" \/><\/p>\n<p>Dans une \u00e9conomie boulevers\u00e9e par les nouveaux risques climatiques et l&rsquo;accroissement des risques, il nous apparait n\u00e9cessaire de vous aider \u00e0 relever tous les d\u00e9fis qui menacent votre activit\u00e9.<\/p>\n<p>L\u2019objectif de cette r\u00e9ponse est double : mieux prot\u00e9ger votre entreprise et\u00a0diminuer vos co\u00fbts. Dans cet esprit, les adh\u00e9rents de la CNEF ont recherch\u00e9 une offre simplifi\u00e9e centr\u00e9e sur les risques principaux.<\/p>\n<p>.<\/p>\n<p style=\"text-align: left;\"><img loading=\"lazy\" decoding=\"async\" class=\"alignleft wp-image-41 size-medium\" src=\"http:\/\/fnaem-assurance.com\/wp-content\/uploads\/2017\/11\/Fnaem-MMA-magasin-300x200.jpg\" alt=\"\" width=\"300\" height=\"200\" srcset=\"https:\/\/fnaem-assurance.com\/wp-content\/uploads\/2017\/11\/Fnaem-MMA-magasin-300x200.jpg 300w, https:\/\/fnaem-assurance.com\/wp-content\/uploads\/2017\/11\/Fnaem-MMA-magasin-400x267.jpg 400w, https:\/\/fnaem-assurance.com\/wp-content\/uploads\/2017\/11\/Fnaem-MMA-magasin-150x100.jpg 150w, https:\/\/fnaem-assurance.com\/wp-content\/uploads\/2017\/11\/Fnaem-MMA-magasin-100x67.jpg 100w, https:\/\/fnaem-assurance.com\/wp-content\/uploads\/2017\/11\/Fnaem-MMA-magasin.jpg 424w\" sizes=\"auto, (max-width: 300px) 100vw, 300px\" \/><\/p>\n<p>Ce contrat s\u2019appuie sur la force d\u2019un groupement pour optimiser la mutualisation des risques. Il donne l\u2019acc\u00e8s \u00e0 tous, sans exception, \u00e0 des garanties et des tarifs uniques sur le march\u00e9 de l\u2019assurance.<\/p>\n<p style=\"text-align: left;\">Ce produit est une <strong>exclusivit\u00e9 CNEF<\/strong>, nous sommes convaincus de son b\u00e9n\u00e9fice pour le d\u00e9veloppement, la protection et la p\u00e9rennit\u00e9 de vos entreprises.<\/p>\n<h4 style=\"text-align: left;\"><a href=\"http:\/\/fnaem-assurance.com\/index.php\/assurance-fnaem\/contact\/\">Contactez-nous d\u00e8s aujourd\u2019hui pour b\u00e9n\u00e9ficier d\u2019un devis personnalis\u00e9 \u00e0 tarif n\u00e9goci\u00e9<\/a><\/h4>\n","protected":false},"excerpt":{"rendered":"<p>Dans une \u00e9conomie boulevers\u00e9e par les nouveaux risques climatiques et l&rsquo;accroissement des risques, il nous apparait n\u00e9cessaire de vous aider \u00e0 relever tous les d\u00e9fis qui menacent votre activit\u00e9. L\u2019objectif [&hellip;]<\/p>\n","protected":false},"author":1,"featured_media":0,"parent":0,"menu_order":0,"comment_status":"closed","ping_status":"closed","template":"page_fullwidth.php","meta":{"footnotes":""},"class_list":["post-14","page","type-page","status-publish","hentry"],"_links":{"self":[{"href":"https:\/\/fnaem-assurance.com\/index.php\/wp-json\/wp\/v2\/pages\/14","targetHints":{"allow":["GET"]}}],"collection":[{"href":"https:\/\/fnaem-assurance.com\/index.php\/wp-json\/wp\/v2\/pages"}],"about":[{"href":"https:\/\/fnaem-assurance.com\/index.php\/wp-json\/wp\/v2\/types\/page"}],"author":[{"embeddable":true,"href":"https:\/\/fnaem-assurance.com\/index.php\/wp-json\/wp\/v2\/users\/1"}],"replies":[{"embeddable":true,"href":"https:\/\/fnaem-assurance.com\/index.php\/wp-json\/wp\/v2\/comments?post=14"}],"version-history":[{"count":17,"href":"https:\/\/fnaem-assurance.com\/index.php\/wp-json\/wp\/v2\/pages\/14\/revisions"}],"predecessor-version":[{"id":222,"href":"https:\/\/fnaem-assurance.com\/index.php\/wp-json\/wp\/v2\/pages\/14\/revisions\/222"}],"wp:attachment":[{"href":"https:\/\/fnaem-assurance.com\/index.php\/wp-json\/wp\/v2\/media?parent=14"}],"curies":[{"name":"wp","href":"https:\/\/api.w.org\/{rel}","templated":true}]}}